{"id":2409,"date":"2026-03-04T20:51:29","date_gmt":"2026-03-04T20:51:29","guid":{"rendered":"https:\/\/yassstudio.fr\/?page_id=2409"},"modified":"2026-03-11T21:17:24","modified_gmt":"2026-03-11T21:17:24","slug":"boutique","status":"publish","type":"page","link":"https:\/\/yassstudio.fr\/index.php\/boutique\/","title":{"rendered":"Boutique"},"content":{"rendered":"\t\t<div data-elementor-type=\"wp-page\" data-elementor-id=\"2409\" class=\"elementor elementor-2409\" data-elementor-post-type=\"page\">\n\t\t\t\t<div class=\"elementor-element elementor-element-780e96b e-flex e-con-boxed wpr-particle-no wpr-jarallax-no wpr-parallax-no wpr-sticky-section-no e-con e-parent\" data-id=\"780e96b\" data-element_type=\"container\" data-e-type=\"container\" data-settings=\"{&quot;background_background&quot;:&quot;classic&quot;}\">\n\t\t\t\t\t<div class=\"e-con-inner\">\n\t\t\t\t<div class=\"elementor-element elementor-element-fd3099c elementor-widget__width-initial animated-slow elementor-invisible elementor-widget elementor-widget-heading\" data-id=\"fd3099c\" data-element_type=\"widget\" data-e-type=\"widget\" data-settings=\"{&quot;_animation&quot;:&quot;fadeIn&quot;}\" data-widget_type=\"heading.default\">\n\t\t\t\t<div class=\"elementor-widget-container\">\n\t\t\t\t\t<h2 class=\"elementor-heading-title elementor-size-default\"><span style=\"font-family:'Playfair Display', serif;font-weight:700;font-style:italic\">\nLa boutique digitale<\/span>\n<span style=\"font-family:'Inter', sans-serif;font-weight:400;font-style:light\">\n\n<\/span><\/h2>\t\t\t\t<\/div>\n\t\t\t\t<\/div>\n\t\t\t\t<div class=\"elementor-element elementor-element-ba3366e animated-slow elementor-invisible elementor-widget elementor-widget-heading\" data-id=\"ba3366e\" data-element_type=\"widget\" data-e-type=\"widget\" data-settings=\"{&quot;_animation&quot;:&quot;fadeIn&quot;}\" data-widget_type=\"heading.default\">\n\t\t\t\t<div class=\"elementor-widget-container\">\n\t\t\t\t\t<h2 class=\"elementor-heading-title elementor-size-default\"><span style=\"font-family:'Inter', sans-serif;font-weight:400;font-style:light\">\n Templates outils et ressources pour \n<\/span>\n<span style=\"font-family:'Playfair Display', serif;font-weight:700;font-style:italic\">\nstructurer et d\u00e9velopper \n<\/span>\n<span style=\"font-family:'Inter', sans-serif;font-weight:400;font-style:light\">\n ton activit\u00e9\n<\/span><\/h2>\t\t\t\t<\/div>\n\t\t\t\t<\/div>\n\t\t\t\t<div class=\"elementor-element elementor-element-04ba222 animated-slow elementor-invisible elementor-widget elementor-widget-image\" data-id=\"04ba222\" data-element_type=\"widget\" data-e-type=\"widget\" data-settings=\"{&quot;_animation&quot;:&quot;fadeIn&quot;}\" data-widget_type=\"image.default\">\n\t\t\t\t<div class=\"elementor-widget-container\">\n\t\t\t\t\t\t\t\t\t\t\t\t\t\t\t<img decoding=\"async\" width=\"150\" height=\"150\" src=\"https:\/\/yassstudio.fr\/wp-content\/uploads\/2026\/03\/logo-CANva-1-150x150.png\" class=\"attachment-thumbnail size-thumbnail wp-image-2430\" alt=\"\" srcset=\"https:\/\/yassstudio.fr\/wp-content\/uploads\/2026\/03\/logo-CANva-1-150x150.png 150w, https:\/\/yassstudio.fr\/wp-content\/uploads\/2026\/03\/logo-CANva-1-300x300.png 300w, https:\/\/yassstudio.fr\/wp-content\/uploads\/2026\/03\/logo-CANva-1-1024x1024.png 1024w, https:\/\/yassstudio.fr\/wp-content\/uploads\/2026\/03\/logo-CANva-1-768x768.png 768w, https:\/\/yassstudio.fr\/wp-content\/uploads\/2026\/03\/logo-CANva-1-1536x1536.png 1536w, https:\/\/yassstudio.fr\/wp-content\/uploads\/2026\/03\/logo-CANva-1-1320x1320.png 1320w, https:\/\/yassstudio.fr\/wp-content\/uploads\/2026\/03\/logo-CANva-1.png 2000w\" sizes=\"(max-width: 150px) 100vw, 150px\" \/>\t\t\t\t\t\t\t\t\t\t\t\t\t\t\t<\/div>\n\t\t\t\t<\/div>\n\t\t\t\t<div class=\"elementor-element elementor-element-00f8c8a animated-slow elementor-invisible elementor-widget elementor-widget-text-editor\" data-id=\"00f8c8a\" data-element_type=\"widget\" data-e-type=\"widget\" data-settings=\"{&quot;_animation&quot;:&quot;fadeIn&quot;}\" data-widget_type=\"text-editor.default\">\n\t\t\t\t<div class=\"elementor-widget-container\">\n\t\t\t\t\t\t\t\t\t<p>100% \u00e9ditable sur Canva<\/p>\t\t\t\t\t\t\t\t<\/div>\n\t\t\t\t<\/div>\n\t\t\t\t\t<\/div>\n\t\t\t\t<\/div>\n\t\t<div class=\"elementor-element elementor-element-5067c33 e-flex e-con-boxed wpr-particle-no wpr-jarallax-no wpr-parallax-no wpr-sticky-section-no elementor-invisible e-con e-parent\" data-id=\"5067c33\" data-element_type=\"container\" data-e-type=\"container\" data-settings=\"{&quot;animation&quot;:&quot;fadeIn&quot;}\">\n\t\t\t\t\t<div class=\"e-con-inner\">\n\t\t<div class=\"elementor-element elementor-element-e5803ef e-con-full e-flex wpr-particle-no wpr-jarallax-no wpr-parallax-no wpr-sticky-section-no e-con e-child\" data-id=\"e5803ef\" data-element_type=\"container\" data-e-type=\"container\">\n\t\t\t\t<div class=\"elementor-element elementor-element-a9b47ea elementor-widget elementor-widget-heading\" data-id=\"a9b47ea\" data-element_type=\"widget\" data-e-type=\"widget\" data-widget_type=\"heading.default\">\n\t\t\t\t<div class=\"elementor-widget-container\">\n\t\t\t\t\t<h2 class=\"elementor-heading-title elementor-size-default\">Ebook: <br>Strucuturer son activit\u00e9 de freelance<\/h2>\t\t\t\t<\/div>\n\t\t\t\t<\/div>\n\t\t\t\t<div class=\"elementor-element elementor-element-f2d4f02 elementor-widget elementor-widget-image\" data-id=\"f2d4f02\" data-element_type=\"widget\" data-e-type=\"widget\" data-widget_type=\"image.default\">\n\t\t\t\t<div class=\"elementor-widget-container\">\n\t\t\t\t\t\t\t\t\t\t\t\t\t\t\t<img fetchpriority=\"high\" decoding=\"async\" width=\"800\" height=\"775\" src=\"https:\/\/yassstudio.fr\/wp-content\/uploads\/2026\/03\/Frame-106.png\" class=\"attachment-large size-large wp-image-2443\" alt=\"\" srcset=\"https:\/\/yassstudio.fr\/wp-content\/uploads\/2026\/03\/Frame-106.png 802w, https:\/\/yassstudio.fr\/wp-content\/uploads\/2026\/03\/Frame-106-300x291.png 300w, https:\/\/yassstudio.fr\/wp-content\/uploads\/2026\/03\/Frame-106-768x744.png 768w\" sizes=\"(max-width: 800px) 100vw, 800px\" \/>\t\t\t\t\t\t\t\t\t\t\t\t\t\t\t<\/div>\n\t\t\t\t<\/div>\n\t\t\t\t<div class=\"elementor-element elementor-element-20745de elementor-align-center elementor-widget__width-initial elementor-widget-mobile__width-initial elementor-widget elementor-widget-button\" data-id=\"20745de\" data-element_type=\"widget\" data-e-type=\"widget\" data-widget_type=\"button.default\">\n\t\t\t\t<div class=\"elementor-widget-container\">\n\t\t\t\t\t\t\t\t\t<div class=\"elementor-button-wrapper\">\n\t\t\t\t\t<a class=\"elementor-button elementor-button-link elementor-size-sm\" href=\"#\">\n\t\t\t\t\t\t<span class=\"elementor-button-content-wrapper\">\n\t\t\t\t\t\t\t\t\t<span class=\"elementor-button-text\">D\u00e9couvrir<\/span>\n\t\t\t\t\t<\/span>\n\t\t\t\t\t<\/a>\n\t\t\t\t<\/div>\n\t\t\t\t\t\t\t\t<\/div>\n\t\t\t\t<\/div>\n\t\t\t\t<\/div>\n\t\t<div class=\"elementor-element elementor-element-5305168 e-con-full e-flex wpr-particle-no wpr-jarallax-no wpr-parallax-no wpr-sticky-section-no e-con e-child\" data-id=\"5305168\" data-element_type=\"container\" data-e-type=\"container\">\n\t\t\t\t<div class=\"elementor-element elementor-element-3549dd8 elementor-widget elementor-widget-heading\" data-id=\"3549dd8\" data-element_type=\"widget\" data-e-type=\"widget\" data-widget_type=\"heading.default\">\n\t\t\t\t<div class=\"elementor-widget-container\">\n\t\t\t\t\t<h2 class=\"elementor-heading-title elementor-size-default\">Template guide de <br>marque<\/h2>\t\t\t\t<\/div>\n\t\t\t\t<\/div>\n\t\t\t\t<div class=\"elementor-element elementor-element-c5eecfe elementor-widget elementor-widget-image\" data-id=\"c5eecfe\" data-element_type=\"widget\" data-e-type=\"widget\" data-widget_type=\"image.default\">\n\t\t\t\t<div class=\"elementor-widget-container\">\n\t\t\t\t\t\t\t\t\t\t\t\t\t\t\t<img decoding=\"async\" width=\"800\" height=\"775\" src=\"https:\/\/yassstudio.fr\/wp-content\/uploads\/2026\/03\/Frame-54-1.png\" class=\"attachment-large size-large wp-image-2411\" alt=\"\" srcset=\"https:\/\/yassstudio.fr\/wp-content\/uploads\/2026\/03\/Frame-54-1.png 802w, https:\/\/yassstudio.fr\/wp-content\/uploads\/2026\/03\/Frame-54-1-300x291.png 300w, https:\/\/yassstudio.fr\/wp-content\/uploads\/2026\/03\/Frame-54-1-768x744.png 768w\" sizes=\"(max-width: 800px) 100vw, 800px\" \/>\t\t\t\t\t\t\t\t\t\t\t\t\t\t\t<\/div>\n\t\t\t\t<\/div>\n\t\t\t\t<div class=\"elementor-element elementor-element-4811a2d elementor-align-center elementor-widget-mobile__width-initial elementor-widget elementor-widget-button\" data-id=\"4811a2d\" data-element_type=\"widget\" data-e-type=\"widget\" data-widget_type=\"button.default\">\n\t\t\t\t<div class=\"elementor-widget-container\">\n\t\t\t\t\t\t\t\t\t<div class=\"elementor-button-wrapper\">\n\t\t\t\t\t<a class=\"elementor-button elementor-button-link elementor-size-sm\" href=\"https:\/\/tr.ee\/guide-de-marque\">\n\t\t\t\t\t\t<span class=\"elementor-button-content-wrapper\">\n\t\t\t\t\t\t\t\t\t<span class=\"elementor-button-text\">D\u00e9couvrir<\/span>\n\t\t\t\t\t<\/span>\n\t\t\t\t\t<\/a>\n\t\t\t\t<\/div>\n\t\t\t\t\t\t\t\t<\/div>\n\t\t\t\t<\/div>\n\t\t\t\t<\/div>\n\t\t\t\t\t<\/div>\n\t\t\t\t<\/div>\n\t\t<div class=\"elementor-element elementor-element-e9038ee e-flex e-con-boxed wpr-particle-no wpr-jarallax-no wpr-parallax-no wpr-sticky-section-no elementor-invisible e-con e-parent\" data-id=\"e9038ee\" data-element_type=\"container\" data-e-type=\"container\" data-settings=\"{&quot;animation&quot;:&quot;fadeIn&quot;}\">\n\t\t\t\t\t<div class=\"e-con-inner\">\n\t\t<div class=\"elementor-element elementor-element-1134d81 e-con-full e-flex wpr-particle-no wpr-jarallax-no wpr-parallax-no wpr-sticky-section-no e-con e-child\" data-id=\"1134d81\" data-element_type=\"container\" data-e-type=\"container\">\n\t\t\t\t<div class=\"elementor-element elementor-element-092c46b elementor-widget elementor-widget-heading\" data-id=\"092c46b\" data-element_type=\"widget\" data-e-type=\"widget\" data-widget_type=\"heading.default\">\n\t\t\t\t<div class=\"elementor-widget-container\">\n\t\t\t\t\t<h2 class=\"elementor-heading-title elementor-size-default\">Template:<br>Facture + Devis<\/h2>\t\t\t\t<\/div>\n\t\t\t\t<\/div>\n\t\t\t\t<div class=\"elementor-element elementor-element-9046d10 elementor-widget elementor-widget-image\" data-id=\"9046d10\" data-element_type=\"widget\" data-e-type=\"widget\" data-widget_type=\"image.default\">\n\t\t\t\t<div class=\"elementor-widget-container\">\n\t\t\t\t\t\t\t\t\t\t\t\t\t\t\t<img loading=\"lazy\" decoding=\"async\" width=\"800\" height=\"775\" src=\"https:\/\/yassstudio.fr\/wp-content\/uploads\/2026\/03\/Frame-108-1.png\" class=\"attachment-large size-large wp-image-2444\" alt=\"\" srcset=\"https:\/\/yassstudio.fr\/wp-content\/uploads\/2026\/03\/Frame-108-1.png 802w, https:\/\/yassstudio.fr\/wp-content\/uploads\/2026\/03\/Frame-108-1-300x291.png 300w, https:\/\/yassstudio.fr\/wp-content\/uploads\/2026\/03\/Frame-108-1-768x744.png 768w\" sizes=\"(max-width: 800px) 100vw, 800px\" \/>\t\t\t\t\t\t\t\t\t\t\t\t\t\t\t<\/div>\n\t\t\t\t<\/div>\n\t\t\t\t<div class=\"elementor-element elementor-element-264c4be elementor-align-center elementor-widget elementor-widget-button\" data-id=\"264c4be\" data-element_type=\"widget\" data-e-type=\"widget\" data-widget_type=\"button.default\">\n\t\t\t\t<div class=\"elementor-widget-container\">\n\t\t\t\t\t\t\t\t\t<div class=\"elementor-button-wrapper\">\n\t\t\t\t\t<a class=\"elementor-button elementor-button-link elementor-size-sm\" href=\"https:\/\/tr.ee\/facture-devis\">\n\t\t\t\t\t\t<span class=\"elementor-button-content-wrapper\">\n\t\t\t\t\t\t\t\t\t<span class=\"elementor-button-text\">D\u00e9couvrir<\/span>\n\t\t\t\t\t<\/span>\n\t\t\t\t\t<\/a>\n\t\t\t\t<\/div>\n\t\t\t\t\t\t\t\t<\/div>\n\t\t\t\t<\/div>\n\t\t\t\t<\/div>\n\t\t<div class=\"elementor-element elementor-element-4657e47 e-con-full e-flex wpr-particle-no wpr-jarallax-no wpr-parallax-no wpr-sticky-section-no e-con e-child\" data-id=\"4657e47\" data-element_type=\"container\" data-e-type=\"container\">\n\t\t\t\t<div class=\"elementor-element elementor-element-3cec92e elementor-widget elementor-widget-heading\" data-id=\"3cec92e\" data-element_type=\"widget\" data-e-type=\"widget\" data-widget_type=\"heading.default\">\n\t\t\t\t<div class=\"elementor-widget-container\">\n\t\t\t\t\t<h2 class=\"elementor-heading-title elementor-size-default\">Template:<br>Contrat d'un webdesigner<\/h2>\t\t\t\t<\/div>\n\t\t\t\t<\/div>\n\t\t\t\t<div class=\"elementor-element elementor-element-852e42d elementor-widget-mobile__width-initial elementor-widget elementor-widget-image\" data-id=\"852e42d\" data-element_type=\"widget\" data-e-type=\"widget\" data-widget_type=\"image.default\">\n\t\t\t\t<div class=\"elementor-widget-container\">\n\t\t\t\t\t\t\t\t\t\t\t\t\t\t\t<img loading=\"lazy\" decoding=\"async\" width=\"800\" height=\"775\" src=\"https:\/\/yassstudio.fr\/wp-content\/uploads\/2026\/03\/Frame-107.png\" class=\"attachment-large size-large wp-image-2445\" alt=\"\" srcset=\"https:\/\/yassstudio.fr\/wp-content\/uploads\/2026\/03\/Frame-107.png 802w, https:\/\/yassstudio.fr\/wp-content\/uploads\/2026\/03\/Frame-107-300x291.png 300w, https:\/\/yassstudio.fr\/wp-content\/uploads\/2026\/03\/Frame-107-768x744.png 768w\" sizes=\"(max-width: 800px) 100vw, 800px\" \/>\t\t\t\t\t\t\t\t\t\t\t\t\t\t\t<\/div>\n\t\t\t\t<\/div>\n\t\t\t\t<div class=\"elementor-element elementor-element-55b0280 elementor-align-center elementor-widget elementor-widget-button\" data-id=\"55b0280\" data-element_type=\"widget\" data-e-type=\"widget\" data-widget_type=\"button.default\">\n\t\t\t\t<div class=\"elementor-widget-container\">\n\t\t\t\t\t\t\t\t\t<div class=\"elementor-button-wrapper\">\n\t\t\t\t\t<a class=\"elementor-button elementor-button-link elementor-size-sm\" href=\"https:\/\/tr.ee\/contrat\">\n\t\t\t\t\t\t<span class=\"elementor-button-content-wrapper\">\n\t\t\t\t\t\t\t\t\t<span class=\"elementor-button-text\">D\u00e9couvrir<\/span>\n\t\t\t\t\t<\/span>\n\t\t\t\t\t<\/a>\n\t\t\t\t<\/div>\n\t\t\t\t\t\t\t\t<\/div>\n\t\t\t\t<\/div>\n\t\t\t\t<\/div>\n\t\t\t\t\t<\/div>\n\t\t\t\t<\/div>\n\t\t\t\t<\/div>\n\t\t","protected":false},"excerpt":{"rendered":"<p>La boutique digitale Templates outils et ressources pour structurer et d\u00e9velopper ton activit\u00e9 100% \u00e9ditable sur Canva Ebook: Strucuturer son activit\u00e9 de freelance D\u00e9couvrir Template guide de marque D\u00e9couvrir Template:Facture + Devis D\u00e9couvrir Template:Contrat d&rsquo;un webdesigner D\u00e9couvrir<\/p>\n","protected":false},"author":1,"featured_media":0,"parent":0,"menu_order":0,"comment_status":"closed","ping_status":"closed","template":"elementor_canvas","meta":{"_surecart_dashboard_logo_width":"180px","_surecart_dashboard_show_logo":true,"_surecart_dashboard_navigation_orders":true,"_surecart_dashboard_navigation_invoices":true,"_surecart_dashboard_navigation_subscriptions":true,"_surecart_dashboard_navigation_downloads":true,"_surecart_dashboard_navigation_billing":true,"_surecart_dashboard_navigation_account":true,"footnotes":""},"class_list":["post-2409","page","type-page","status-publish","hentry"],"yoast_head":"<!-- This site is optimized with the Yoast SEO plugin v27.3 - https:\/\/yoast.com\/product\/yoast-seo-wordpress\/ -->\n<title>Boutique - Yass Studio<\/title>\n<meta name=\"robots\" content=\"index, follow, max-snippet:-1, max-image-preview:large, max-video-preview:-1\" \/>\n<link rel=\"canonical\" href=\"https:\/\/yassstudio.fr\/index.php\/boutique\/\" \/>\n<meta property=\"og:locale\" content=\"fr_FR\" \/>\n<meta property=\"og:type\" content=\"article\" \/>\n<meta property=\"og:title\" content=\"Boutique - Yass Studio\" \/>\n<meta property=\"og:description\" content=\"La boutique digitale Templates outils et ressources pour structurer et d\u00e9velopper ton activit\u00e9 100% \u00e9ditable sur Canva Ebook: Strucuturer son activit\u00e9 de freelance D\u00e9couvrir Template guide de marque D\u00e9couvrir Template:Facture + Devis D\u00e9couvrir Template:Contrat d&rsquo;un webdesigner D\u00e9couvrir\" \/>\n<meta property=\"og:url\" content=\"https:\/\/yassstudio.fr\/index.php\/boutique\/\" \/>\n<meta property=\"og:site_name\" content=\"Yass Studio\" \/>\n<meta property=\"article:modified_time\" content=\"2026-03-11T21:17:24+00:00\" \/>\n<meta property=\"og:image\" content=\"https:\/\/yassstudio.fr\/wp-content\/uploads\/2026\/03\/logo-CANva-1.png\" \/>\n\t<meta property=\"og:image:width\" content=\"2000\" \/>\n\t<meta property=\"og:image:height\" content=\"2000\" \/>\n\t<meta property=\"og:image:type\" content=\"image\/png\" \/>\n<meta name=\"twitter:card\" content=\"summary_large_image\" \/>\n<meta name=\"twitter:label1\" content=\"Dur\u00e9e de lecture estim\u00e9e\" \/>\n\t<meta name=\"twitter:data1\" content=\"2 minutes\" \/>\n<script type=\"application\/ld+json\" class=\"yoast-schema-graph\">{\"@context\":\"https:\\\/\\\/schema.org\",\"@graph\":[{\"@type\":\"WebPage\",\"@id\":\"https:\\\/\\\/yassstudio.fr\\\/index.php\\\/boutique\\\/\",\"url\":\"https:\\\/\\\/yassstudio.fr\\\/index.php\\\/boutique\\\/\",\"name\":\"Boutique - Yass Studio\",\"isPartOf\":{\"@id\":\"https:\\\/\\\/yassstudio.fr\\\/#website\"},\"primaryImageOfPage\":{\"@id\":\"https:\\\/\\\/yassstudio.fr\\\/index.php\\\/boutique\\\/#primaryimage\"},\"image\":{\"@id\":\"https:\\\/\\\/yassstudio.fr\\\/index.php\\\/boutique\\\/#primaryimage\"},\"thumbnailUrl\":\"https:\\\/\\\/yassstudio.fr\\\/wp-content\\\/uploads\\\/2026\\\/03\\\/logo-CANva-1-150x150.png\",\"datePublished\":\"2026-03-04T20:51:29+00:00\",\"dateModified\":\"2026-03-11T21:17:24+00:00\",\"breadcrumb\":{\"@id\":\"https:\\\/\\\/yassstudio.fr\\\/index.php\\\/boutique\\\/#breadcrumb\"},\"inLanguage\":\"fr-FR\",\"potentialAction\":[{\"@type\":\"ReadAction\",\"target\":[\"https:\\\/\\\/yassstudio.fr\\\/index.php\\\/boutique\\\/\"]}]},{\"@type\":\"ImageObject\",\"inLanguage\":\"fr-FR\",\"@id\":\"https:\\\/\\\/yassstudio.fr\\\/index.php\\\/boutique\\\/#primaryimage\",\"url\":\"https:\\\/\\\/yassstudio.fr\\\/wp-content\\\/uploads\\\/2026\\\/03\\\/logo-CANva-1.png\",\"contentUrl\":\"https:\\\/\\\/yassstudio.fr\\\/wp-content\\\/uploads\\\/2026\\\/03\\\/logo-CANva-1.png\",\"width\":2000,\"height\":2000},{\"@type\":\"BreadcrumbList\",\"@id\":\"https:\\\/\\\/yassstudio.fr\\\/index.php\\\/boutique\\\/#breadcrumb\",\"itemListElement\":[{\"@type\":\"ListItem\",\"position\":1,\"name\":\"Accueil\",\"item\":\"https:\\\/\\\/yassstudio.fr\\\/\"},{\"@type\":\"ListItem\",\"position\":2,\"name\":\"Boutique\"}]},{\"@type\":\"WebSite\",\"@id\":\"https:\\\/\\\/yassstudio.fr\\\/#website\",\"url\":\"https:\\\/\\\/yassstudio.fr\\\/\",\"name\":\"Yass Studio\",\"description\":\"Marketing et Webdesign pour booster vos ventes !\",\"potentialAction\":[{\"@type\":\"SearchAction\",\"target\":{\"@type\":\"EntryPoint\",\"urlTemplate\":\"https:\\\/\\\/yassstudio.fr\\\/?s={search_term_string}\"},\"query-input\":{\"@type\":\"PropertyValueSpecification\",\"valueRequired\":true,\"valueName\":\"search_term_string\"}}],\"inLanguage\":\"fr-FR\"}]}<\/script>\n<!-- \/ Yoast SEO plugin. -->","yoast_head_json":{"title":"Boutique - Yass Studio","robots":{"index":"index","follow":"follow","max-snippet":"max-snippet:-1","max-image-preview":"max-image-preview:large","max-video-preview":"max-video-preview:-1"},"canonical":"https:\/\/yassstudio.fr\/index.php\/boutique\/","og_locale":"fr_FR","og_type":"article","og_title":"Boutique - Yass Studio","og_description":"La boutique digitale Templates outils et ressources pour structurer et d\u00e9velopper ton activit\u00e9 100% \u00e9ditable sur Canva Ebook: Strucuturer son activit\u00e9 de freelance D\u00e9couvrir Template guide de marque D\u00e9couvrir Template:Facture + Devis D\u00e9couvrir Template:Contrat d&rsquo;un webdesigner D\u00e9couvrir","og_url":"https:\/\/yassstudio.fr\/index.php\/boutique\/","og_site_name":"Yass Studio","article_modified_time":"2026-03-11T21:17:24+00:00","og_image":[{"width":2000,"height":2000,"url":"https:\/\/yassstudio.fr\/wp-content\/uploads\/2026\/03\/logo-CANva-1.png","type":"image\/png"}],"twitter_card":"summary_large_image","twitter_misc":{"Dur\u00e9e de lecture estim\u00e9e":"2 minutes"},"schema":{"@context":"https:\/\/schema.org","@graph":[{"@type":"WebPage","@id":"https:\/\/yassstudio.fr\/index.php\/boutique\/","url":"https:\/\/yassstudio.fr\/index.php\/boutique\/","name":"Boutique - Yass Studio","isPartOf":{"@id":"https:\/\/yassstudio.fr\/#website"},"primaryImageOfPage":{"@id":"https:\/\/yassstudio.fr\/index.php\/boutique\/#primaryimage"},"image":{"@id":"https:\/\/yassstudio.fr\/index.php\/boutique\/#primaryimage"},"thumbnailUrl":"https:\/\/yassstudio.fr\/wp-content\/uploads\/2026\/03\/logo-CANva-1-150x150.png","datePublished":"2026-03-04T20:51:29+00:00","dateModified":"2026-03-11T21:17:24+00:00","breadcrumb":{"@id":"https:\/\/yassstudio.fr\/index.php\/boutique\/#breadcrumb"},"inLanguage":"fr-FR","potentialAction":[{"@type":"ReadAction","target":["https:\/\/yassstudio.fr\/index.php\/boutique\/"]}]},{"@type":"ImageObject","inLanguage":"fr-FR","@id":"https:\/\/yassstudio.fr\/index.php\/boutique\/#primaryimage","url":"https:\/\/yassstudio.fr\/wp-content\/uploads\/2026\/03\/logo-CANva-1.png","contentUrl":"https:\/\/yassstudio.fr\/wp-content\/uploads\/2026\/03\/logo-CANva-1.png","width":2000,"height":2000},{"@type":"BreadcrumbList","@id":"https:\/\/yassstudio.fr\/index.php\/boutique\/#breadcrumb","itemListElement":[{"@type":"ListItem","position":1,"name":"Accueil","item":"https:\/\/yassstudio.fr\/"},{"@type":"ListItem","position":2,"name":"Boutique"}]},{"@type":"WebSite","@id":"https:\/\/yassstudio.fr\/#website","url":"https:\/\/yassstudio.fr\/","name":"Yass Studio","description":"Marketing et Webdesign pour booster vos ventes !","potentialAction":[{"@type":"SearchAction","target":{"@type":"EntryPoint","urlTemplate":"https:\/\/yassstudio.fr\/?s={search_term_string}"},"query-input":{"@type":"PropertyValueSpecification","valueRequired":true,"valueName":"search_term_string"}}],"inLanguage":"fr-FR"}]}},"jetpack_sharing_enabled":true,"_links":{"self":[{"href":"https:\/\/yassstudio.fr\/index.php\/wp-json\/wp\/v2\/pages\/2409","targetHints":{"allow":["GET"]}}],"collection":[{"href":"https:\/\/yassstudio.fr\/index.php\/wp-json\/wp\/v2\/pages"}],"about":[{"href":"https:\/\/yassstudio.fr\/index.php\/wp-json\/wp\/v2\/types\/page"}],"author":[{"embeddable":true,"href":"https:\/\/yassstudio.fr\/index.php\/wp-json\/wp\/v2\/users\/1"}],"replies":[{"embeddable":true,"href":"https:\/\/yassstudio.fr\/index.php\/wp-json\/wp\/v2\/comments?post=2409"}],"version-history":[{"count":0,"href":"https:\/\/yassstudio.fr\/index.php\/wp-json\/wp\/v2\/pages\/2409\/revisions"}],"wp:attachment":[{"href":"https:\/\/yassstudio.fr\/index.php\/wp-json\/wp\/v2\/media?parent=2409"}],"curies":[{"name":"wp","href":"https:\/\/api.w.org\/{rel}","templated":true}]}}